{"id":266,"date":"2026-01-17T17:52:01","date_gmt":"2026-01-17T16:52:01","guid":{"rendered":"https:\/\/lab2.torniss-ci.com\/?post_type=product&#038;p=266"},"modified":"2026-01-17T18:17:34","modified_gmt":"2026-01-17T17:17:34","slug":"produit1","status":"publish","type":"product","link":"https:\/\/lab2.torniss-ci.com\/?product=produit1","title":{"rendered":"produit1"},"content":{"rendered":"<p>Forte d\u2019une expertise reconnuForte d\u2019une expertise reconnue, notre soci\u00e9t\u00e9 s\u2019est impos\u00e9e comme une r\u00e9f\u00e9rence sur le march\u00e9 immobilier ivoirien gr\u00e2ce \u00e0 la\u00a0<strong data-start=\"456\" data-end=\"478\">qualit\u00e9 sup\u00e9rieure<\/strong>\u00a0de ses r\u00e9alisations et \u00e0 son engagement envers la\u00a0<strong data-start=\"529\" data-end=\"552\">satisfaction client<\/strong>.e, notre soci\u00e9t\u00e9 s\u2019est impos\u00e9e comme une r\u00e9f\u00e9rence sur le march\u00e9 immobilier ivoirien gr\u00e2ce \u00e0 la\u00a0<strong data-start=\"456\" data-end=\"478\">qualit\u00e9 sup\u00e9rieure<\/strong>\u00a0de ses r\u00e9alisations et \u00e0 son engagement envers la\u00a0<strong data-start=\"529\" data-end=\"552\">satisfaction client<\/strong>.<\/p>\n","protected":false},"excerpt":{"rendered":"<p>Forte d\u2019une expertise reconnue, notre soci\u00e9t\u00e9 s\u2019est impos\u00e9e comme une r\u00e9f\u00e9rence sur le march\u00e9 immobilier ivoirien gr\u00e2ce \u00e0 la\u00a0<strong data-start=\"456\" data-end=\"478\">qualit\u00e9 sup\u00e9rieure<\/strong>\u00a0de ses r\u00e9alisations et \u00e0 son engagement envers la\u00a0<strong data-start=\"529\" data-end=\"552\">satisfaction client<\/strong>.<\/p>\n","protected":false},"featured_media":163,"comment_status":"open","ping_status":"closed","template":"","meta":{"site-sidebar-layout":"default","site-content-layout":"","ast-site-content-layout":"default","site-content-style":"default","site-sidebar-style":"default","ast-global-header-display":"","ast-banner-title-visibility":"","ast-main-header-display":"","ast-hfb-above-header-display":"","ast-hfb-below-header-display":"","ast-hfb-mobile-header-display":"","site-post-title":"","ast-breadcrumbs-content":"","ast-featured-img":"","footer-sml-layout":"","ast-disable-related-posts":"","theme-transparent-header-meta":"default","adv-header-id-meta":"","stick-header-meta":"","header-above-stick-meta":"","header-main-stick-meta":"","header-below-stick-meta":"","astra-migrate-meta-layouts":"set","ast-page-background-enabled":"default","ast-page-background-meta":{"desktop":{"background-color":"var(--ast-global-color-5)","background-image":"","background-repeat":"repeat","background-position":"center center","background-size":"auto","background-attachment":"scroll","background-type":"","background-media":"","overlay-type":"","overlay-color":"","overlay-opacity":"","overlay-gradient":""},"tablet":{"background-color":"","background-image":"","background-repeat":"repeat","background-position":"center center","background-size":"auto","background-attachment":"scroll","background-type":"","background-media":"","overlay-type":"","overlay-color":"","overlay-opacity":"","overlay-gradient":""},"mobile":{"background-color":"","background-image":"","background-repeat":"repeat","background-position":"center center","background-size":"auto","background-attachment":"scroll","background-type":"","background-media":"","overlay-type":"","overlay-color":"","overlay-opacity":"","overlay-gradient":""}},"ast-content-background-meta":{"desktop":{"background-color":"var(--ast-global-color-4)","background-image":"","background-repeat":"repeat","background-position":"center center","background-size":"auto","background-attachment":"scroll","background-type":"","background-media":"","overlay-type":"","overlay-color":"","overlay-opacity":"","overlay-gradient":""},"tablet":{"background-color":"var(--ast-global-color-4)","background-image":"","background-repeat":"repeat","background-position":"center center","background-size":"auto","background-attachment":"scroll","background-type":"","background-media":"","overlay-type":"","overlay-color":"","overlay-opacity":"","overlay-gradient":""},"mobile":{"background-color":"var(--ast-global-color-4)","background-image":"","background-repeat":"repeat","background-position":"center center","background-size":"auto","background-attachment":"scroll","background-type":"","background-media":"","overlay-type":"","overlay-color":"","overlay-opacity":"","overlay-gradient":""}}},"product_brand":[],"product_cat":[22,21,20],"product_tag":[],"class_list":{"0":"post-266","1":"product","2":"type-product","3":"status-publish","4":"has-post-thumbnail","6":"product_cat-maison-en-location","7":"product_cat-maisons-en-vente","8":"product_cat-terrains","9":"desktop-align-left","10":"tablet-align-left","11":"mobile-align-left","13":"first","14":"instock","15":"shipping-taxable","16":"purchasable","17":"product-type-simple"},"_links":{"self":[{"href":"https:\/\/lab2.torniss-ci.com\/index.php?rest_route=\/wp\/v2\/product\/266","targetHints":{"allow":["GET"]}}],"collection":[{"href":"https:\/\/lab2.torniss-ci.com\/index.php?rest_route=\/wp\/v2\/product"}],"about":[{"href":"https:\/\/lab2.torniss-ci.com\/index.php?rest_route=\/wp\/v2\/types\/product"}],"replies":[{"embeddable":true,"href":"https:\/\/lab2.torniss-ci.com\/index.php?rest_route=%2Fwp%2Fv2%2Fcomments&post=266"}],"wp:featuredmedia":[{"embeddable":true,"href":"https:\/\/lab2.torniss-ci.com\/index.php?rest_route=\/wp\/v2\/media\/163"}],"wp:attachment":[{"href":"https:\/\/lab2.torniss-ci.com\/index.php?rest_route=%2Fwp%2Fv2%2Fmedia&parent=266"}],"wp:term":[{"taxonomy":"product_brand","embeddable":true,"href":"https:\/\/lab2.torniss-ci.com\/index.php?rest_route=%2Fwp%2Fv2%2Fproduct_brand&post=266"},{"taxonomy":"product_cat","embeddable":true,"href":"https:\/\/lab2.torniss-ci.com\/index.php?rest_route=%2Fwp%2Fv2%2Fproduct_cat&post=266"},{"taxonomy":"product_tag","embeddable":true,"href":"https:\/\/lab2.torniss-ci.com\/index.php?rest_route=%2Fwp%2Fv2%2Fproduct_tag&post=266"}],"curies":[{"name":"wp","href":"https:\/\/api.w.org\/{rel}","templated":true}]}}